{"id":48,"date":"2020-06-25T13:09:14","date_gmt":"2020-06-25T13:09:14","guid":{"rendered":"http:\/\/anyabaxter.de\/?page_id=48"},"modified":"2020-06-25T13:22:35","modified_gmt":"2020-06-25T13:22:35","slug":"impressum-2","status":"publish","type":"page","link":"https:\/\/anyabaxter.de\/?page_id=48","title":{"rendered":"Impressum"},"content":{"rendered":"\n<p>\nAnja\nSch\u00e4fer<\/p>\n\n\n\n<p>Finkenau\n17<\/p>\n\n\n\n<p>22081\nHamburg<\/p>\n\n\n\n<p>Telefon:\n+49 (0)40 2273693<\/p>\n\n\n\n<p>&nbsp;Email:&nbsp;&nbsp;\nmails\u201cat\u201cagenturfotografin.de&nbsp;&nbsp;&nbsp; <strong>(Bitte\ndas \u201eat\u201c mit dem Klammeraffen ersetzen!)<\/strong><\/p>\n\n\n\n<p>Internet:\n<a href=\"http:\/\/www.agenturfotografin.de\/\">www.agenturfotografin.de<\/a><\/p>\n\n\n\n<p>Umsatzsteuer-Identifikationsnummer\ngem\u00e4\u00df \u00a7 27 a Umsatzsteuergesetz: DE 285 529 776<\/p>\n\n\n\n<p>Copyright:\nS\u00e4mtliche Fotografien auf dieser Internetseite sind genauso\nurheberrechtlich gesch\u00fctzt wie die schriftlichen Inhalte. Downloads\nund Kopien dieser Seite sind nur f\u00fcr den rein privaten Gebrauch\ngestattet. Somit ist eine Ver\u00f6ffentlichung im Internet untersagt \u2013\nv\u00f6llig unabh\u00e4ngig davon, um was f\u00fcr eine Seite, oder um welches\n(soziale) Netzwerk es sich handelt. Ausdr\u00fccklich verboten ist\nau\u00dferdem jegliche kommerzielle (das hei\u00dft, auf die Erzielung von\nEinkommen ausgerichtete) Verwendung.<\/p>\n\n\n\n<p>Die\nVervielf\u00e4ltigung, Bearbeitung, Verbreitung, Ver\u00f6ffentlichung und\njede Art der Verwertung au\u00dferhalb der Grenzen des Urheberrechtes\nbed\u00fcrfen zwingend meiner schriftlichen Zustimmung.<\/p>\n\n\n\n<p>Haftungshinweis:\nTrotz sorgf\u00e4ltiger inhaltlicher Kontrolle \u00fcbernehme ich keine\nHaftung f\u00fcr die Inhalte externer Links. F\u00fcr den Inhalt der\nverlinkten Seiten sind ausschlie\u00dflich deren<\/p>\n","protected":false},"excerpt":{"rendered":"<p>Anja Sch\u00e4fer Finkenau 17 22081 Hamburg Telefon: +49 (0)40 2273693 &nbsp;Email:&nbsp;&nbsp; mails\u201cat\u201cagenturfotografin.de&nbsp;&nbsp;&nbsp; (Bitte das \u201eat\u201c mit dem Klammeraffen ersetzen!) Internet: www.agenturfotografin.de Umsatzsteuer-Identifikationsnummer gem\u00e4\u00df \u00a7 27 a Umsatzsteuergesetz: DE 285 529 776 Copyright: S\u00e4mtliche Fotografien auf dieser Internetseite sind genauso urheberrechtlich gesch\u00fctzt wie die schriftlichen Inhalte. Downloads und Kopien dieser Seite sind nur f\u00fcr den rein &hellip; <\/p>\n<p class=\"link-more\"><a href=\"https:\/\/anyabaxter.de\/?page_id=48\" class=\"more-link\"><span class=\"screen-reader-text\">\u201eImpressum\u201c<\/span> weiterlesen<\/a><\/p>\n","protected":false},"author":2,"featured_media":0,"parent":0,"menu_order":2,"comment_status":"closed","ping_status":"closed","template":"","meta":{"footnotes":""},"class_list":["post-48","page","type-page","status-publish","hentry"],"_links":{"self":[{"href":"https:\/\/anyabaxter.de\/index.php?rest_route=\/wp\/v2\/pages\/48","targetHints":{"allow":["GET"]}}],"collection":[{"href":"https:\/\/anyabaxter.de\/index.php?rest_route=\/wp\/v2\/pages"}],"about":[{"href":"https:\/\/anyabaxter.de\/index.php?rest_route=\/wp\/v2\/types\/page"}],"author":[{"embeddable":true,"href":"https:\/\/anyabaxter.de\/index.php?rest_route=\/wp\/v2\/users\/2"}],"replies":[{"embeddable":true,"href":"https:\/\/anyabaxter.de\/index.php?rest_route=%2Fwp%2Fv2%2Fcomments&post=48"}],"version-history":[{"count":2,"href":"https:\/\/anyabaxter.de\/index.php?rest_route=\/wp\/v2\/pages\/48\/revisions"}],"predecessor-version":[{"id":51,"href":"https:\/\/anyabaxter.de\/index.php?rest_route=\/wp\/v2\/pages\/48\/revisions\/51"}],"wp:attachment":[{"href":"https:\/\/anyabaxter.de\/index.php?rest_route=%2Fwp%2Fv2%2Fmedia&parent=48"}],"curies":[{"name":"wp","href":"https:\/\/api.w.org\/{rel}","templated":true}]}}